{"id":15043,"date":"2024-10-22T11:08:11","date_gmt":"2024-10-22T09:08:11","guid":{"rendered":"https:\/\/store.augmentednac.com\/?page_id=15043"},"modified":"2025-04-23T16:40:32","modified_gmt":"2025-04-23T14:40:32","slug":"store-not-available-in-your-country","status":"publish","type":"page","link":"https:\/\/store.augmentednac.com\/de\/store-not-available-in-your-country\/","title":{"rendered":"Shop in Ihrem Land nicht verf\u00fcgbar"},"content":{"rendered":"<div data-elementor-type=\"wp-page\" data-elementor-id=\"15043\" class=\"elementor elementor-15043\" data-elementor-post-type=\"page\">\n\t\t\t\t\t\t<section class=\"elementor-section elementor-top-section elementor-element elementor-element-b6c0598 elementor-section-content-middle elementor-section-boxed elementor-section-height-default elementor-section-height-default\" data-id=\"b6c0598\" data-element_type=\"section\" data-e-type=\"section\">\n\t\t\t\t\t\t<div class=\"elementor-container elementor-column-gap-no\">\n\t\t\t\t\t<div class=\"elementor-column elementor-col-100 elementor-top-column elementor-element elementor-element-57058d77\" data-id=\"57058d77\" data-element_type=\"column\" data-e-type=\"column\">\n\t\t\t<div class=\"elementor-widget-wrap elementor-element-populated\">\n\t\t\t\t\t\t<div class=\"elementor-element elementor-element-8f7064f elementor-widget elementor-widget-text-editor\" data-id=\"8f7064f\" data-element_type=\"widget\" data-e-type=\"widget\" data-widget_type=\"text-editor.default\">\n\t\t\t\t<div class=\"elementor-widget-container\">\n\t\t\t\t\t\t\t\t\t<h3>Wir bedauern, Ihnen mitteilen zu m\u00fcssen, dass dieses Produkt derzeit in Ihrem Land nicht erh\u00e4ltlich ist. Wenn Sie jedoch daran interessiert sind, Gro\u00dfh\u00e4ndler f\u00fcr Augmented NAC in Ihrer Region zu werden, laden wir Sie herzlich ein, uns direkt zu kontaktieren unter <a href=\"mailto:b2b@augmentednac.com\">b2b@augmentednac.com<\/a><\/h3>\t\t\t\t\t\t\t\t<\/div>\n\t\t\t\t<\/div>\n\t\t\t\t\t<\/div>\n\t\t<\/div>\n\t\t\t\t\t<\/div>\n\t\t<\/section>\n\t\t\t\t<\/div>","protected":false},"excerpt":{"rendered":"<p>Wir bedauern, Ihnen mitteilen zu m\u00fcssen, dass dieses Produkt derzeit in Ihrem Land nicht erh\u00e4ltlich ist. Wenn Sie jedoch daran interessiert sind, Gro\u00dfh\u00e4ndler f\u00fcr Augmented NAC in Ihrer Region zu werden, laden wir Sie herzlich ein, uns direkt unter b2b@augmentednac.com zu kontaktieren.<\/p>","protected":false},"author":2,"featured_media":0,"parent":0,"menu_order":0,"comment_status":"closed","ping_status":"closed","template":"","meta":{"site-sidebar-layout":"default","site-content-layout":"","ast-site-content-layout":"default","site-content-style":"default","site-sidebar-style":"default","ast-global-header-display":"","ast-banner-title-visibility":"","ast-main-header-display":"","ast-hfb-above-header-display":"","ast-hfb-below-header-display":"","ast-hfb-mobile-header-display":"","site-post-title":"","ast-breadcrumbs-content":"","ast-featured-img":"","footer-sml-layout":"","ast-disable-related-posts":"","theme-transparent-header-meta":"","adv-header-id-meta":"","stick-header-meta":"","header-above-stick-meta":"","header-main-stick-meta":"","header-below-stick-meta":"","astra-migrate-meta-layouts":"set","ast-page-background-enabled":"default","ast-page-background-meta":{"desktop":{"background-color":"var(--ast-global-color-4)","background-image":"","background-repeat":"repeat","background-position":"center center","background-size":"auto","background-attachment":"scroll","background-type":"","background-media":"","overlay-type":"","overlay-color":"","overlay-opacity":"","overlay-gradient":""},"tablet":{"background-color":"","background-image":"","background-repeat":"repeat","background-position":"center center","background-size":"auto","background-attachment":"scroll","background-type":"","background-media":"","overlay-type":"","overlay-color":"","overlay-opacity":"","overlay-gradient":""},"mobile":{"background-color":"","background-image":"","background-repeat":"repeat","background-position":"center center","background-size":"auto","background-attachment":"scroll","background-type":"","background-media":"","overlay-type":"","overlay-color":"","overlay-opacity":"","overlay-gradient":""}},"ast-content-background-meta":{"desktop":{"background-color":"var(--ast-global-color-5)","background-image":"","background-repeat":"repeat","background-position":"center center","background-size":"auto","background-attachment":"scroll","background-type":"","background-media":"","overlay-type":"","overlay-color":"","overlay-opacity":"","overlay-gradient":""},"tablet":{"background-color":"var(--ast-global-color-5)","background-image":"","background-repeat":"repeat","background-position":"center center","background-size":"auto","background-attachment":"scroll","background-type":"","background-media":"","overlay-type":"","overlay-color":"","overlay-opacity":"","overlay-gradient":""},"mobile":{"background-color":"var(--ast-global-color-5)","background-image":"","background-repeat":"repeat","background-position":"center center","background-size":"auto","background-attachment":"scroll","background-type":"","background-media":"","overlay-type":"","overlay-color":"","overlay-opacity":"","overlay-gradient":""}},"iawp_total_views":4559,"footnotes":""},"class_list":["post-15043","page","type-page","status-publish","hentry"],"_links":{"self":[{"href":"https:\/\/store.augmentednac.com\/de\/wp-json\/wp\/v2\/pages\/15043","targetHints":{"allow":["GET"]}}],"collection":[{"href":"https:\/\/store.augmentednac.com\/de\/wp-json\/wp\/v2\/pages"}],"about":[{"href":"https:\/\/store.augmentednac.com\/de\/wp-json\/wp\/v2\/types\/page"}],"author":[{"embeddable":true,"href":"https:\/\/store.augmentednac.com\/de\/wp-json\/wp\/v2\/users\/2"}],"replies":[{"embeddable":true,"href":"https:\/\/store.augmentednac.com\/de\/wp-json\/wp\/v2\/comments?post=15043"}],"version-history":[{"count":10,"href":"https:\/\/store.augmentednac.com\/de\/wp-json\/wp\/v2\/pages\/15043\/revisions"}],"predecessor-version":[{"id":20710,"href":"https:\/\/store.augmentednac.com\/de\/wp-json\/wp\/v2\/pages\/15043\/revisions\/20710"}],"wp:attachment":[{"href":"https:\/\/store.augmentednac.com\/de\/wp-json\/wp\/v2\/media?parent=15043"}],"curies":[{"name":"wp","href":"https:\/\/api.w.org\/{rel}","templated":true}]}}