{"id":486,"date":"2022-02-23T15:55:08","date_gmt":"2022-02-23T15:55:08","guid":{"rendered":"https:\/\/store.bai-tech.io\/privacy-policy-copy\/"},"modified":"2023-04-07T11:07:59","modified_gmt":"2023-04-07T09:07:59","slug":"terms-and-conditions","status":"publish","type":"page","link":"https:\/\/store.augmentednac.com\/de\/terms-and-conditions\/","title":{"rendered":"BEDINGUNGEN UND KONDITIONEN"},"content":{"rendered":"<p><em>Zuletzt aktualisiert am 28.12.2022<\/em><\/p>\n\n\n\n<p>Die Produkte und Apps (die \"Produkte und Apps\") von B.A.I. Technologies SA (das \"Unternehmen\") sind Eigentum und\/oder werden von B.A.I. Technologies SA vertrieben und betrieben.<\/p>\n\n\n\n<p>Alle Verweise auf \"Sie\", \"Ihr\" oder den \"Nutzer\" beziehen sich auf die Person(en), die die Produkte und Apps nutzen.<\/p>\n\n\n\n<p>Alle Verweise auf das \"Unternehmen\", \"uns\", \"unser\" oder \"wir\" beziehen sich auf B.A.I. Technologies SA, ein nach dem Recht der Schweizerischen Eidgenossenschaft eingetragenes Unternehmen mit Sitz in 6900 Lugano (CH), Via S. Balestra 27, MwSt.-Nr. CHE-168.143.050 (im Folgenden: \"B.A.I. Technologies SA\").<\/p>\n\n\n\n<p>Ihr Zugang zu den Produkten und der App und deren Nutzung setzt voraus, dass Sie die vorliegenden Allgemeinen Gesch\u00e4ftsbedingungen (\"Bedingungen\") akzeptieren und einhalten, die eine rechtliche Vereinbarung zwischen dem Nutzer und B.A.I. Technologies SA darstellen.<\/p>\n\n\n\n<p>Diese Bedingungen gelten f\u00fcr alle Besucher, Nutzer oder andere Personen, die auf die Produkte und Apps zugreifen oder diese nutzen.<\/p>\n\n\n\n<p>DURCH DEN ZUGRIFF AUF ODER DIE NUTZUNG DER PRODUKTE UND APPS ERKL\u00c4REN SIE SICH MIT DIESEN BEDINGUNGEN, UNSERER DATENSCHUTZRICHTLINIE UND UNSERER COOKIES-RICHTLINIE EINVERSTANDEN. WENN SIE MIT EINEM TEIL DER BEDINGUNGEN UND\/ODER EINEM TEIL UNSERER DATENSCHUTZ- UND COOKIES-RICHTLINIEN NICHT EINVERSTANDEN SIND, LADEN SIE DIE APP BITTE NICHT HERUNTER UND NUTZEN SIE SIE NICHT.<\/p>\n\n\n\n<p>B.A.I. Technologies SA beh\u00e4lt sich das Recht vor, nach eigenem Ermessen jederzeit Teile der Bedingungen zu \u00e4ndern, zu modifizieren, hinzuzuf\u00fcgen oder zu entfernen. Es liegt in Ihrer Verantwortung, diese Bedingungen regelm\u00e4\u00dfig auf \u00c4nderungen zu \u00fcberpr\u00fcfen. Wenn Sie die Produkte und Apps nach der Ver\u00f6ffentlichung von \u00c4nderungen weiterhin nutzen, bedeutet dies, dass Sie die \u00c4nderungen akzeptieren und ihnen zustimmen.<\/p>\n\n\n\n<p>ZULASSUNGSVORAUSSETZUNGEN<\/p>\n\n\n\n<p>Sie akzeptieren und best\u00e4tigen, dass Sie: (a) vollj\u00e4hrig sind, um diesen Bedingungen zuzustimmen und (b) nicht zuvor von der Nutzung der Produkte und Apps suspendiert oder entfernt worden sind.<\/p>\n\n\n\n<p>Wenn Sie die Produkte und Apps im Namen einer juristischen Person nutzen, sichern Sie au\u00dferdem zu und gew\u00e4hrleisten, dass: (i) die juristische Person nach den geltenden Gesetzen des Landes, in dem sie ihren Sitz hat, ordnungsgem\u00e4\u00df organisiert ist und rechtsg\u00fcltig existiert und (ii) Sie von der juristischen Person ordnungsgem\u00e4\u00df bevollm\u00e4chtigt sind, in ihrem Namen zu handeln.<\/p>\n\n\n\n<p>Die Produkte und Apps sind f\u00fcr die Nutzung durch Erwachsene bestimmt, die in dem Land, in dem sie ans\u00e4ssig sind, vollj\u00e4hrig sind. Wenn wir eine Benachrichtigung erhalten oder Grund zu der Annahme haben, dass eine minderj\u00e4hrige Person uns personenbezogene Daten zur Verf\u00fcgung gestellt hat, werden wir das Konto und alle personenbezogenen Daten, die uns zur Verf\u00fcgung gestellt wurden, unverz\u00fcglich l\u00f6schen.<\/p>\n\n\n\n<p>K\u00dcNDIGUNG<\/p>\n\n\n\n<p>Diese Vereinbarung ist g\u00fcltig, bis sie von Ihnen oder B.A.I. Technologies SA gek\u00fcndigt wird.<\/p>\n\n\n\n<p>B.A.I. Technologies SA kann den Zugang zu den Produkten und Apps sofort und ohne vorherige Ank\u00fcndigung oder Haftung beenden oder aussetzen, aus welchem Grund auch immer, einschlie\u00dflich und ohne Einschr\u00e4nkung, wenn Sie gegen die Bedingungen versto\u00dfen.<\/p>\n\n\n\n<p>Alle Bestimmungen der Bedingungen, die ihrer Natur nach die Beendigung \u00fcberdauern sollten, \u00fcberdauern die Beendigung, einschlie\u00dflich, aber nicht beschr\u00e4nkt auf Eigentumsbestimmungen, Gew\u00e4hrleistungsausschl\u00fcsse, Entsch\u00e4digungen und Haftungsbeschr\u00e4nkungen.<\/p>\n\n\n\n<p>LIZENZGEW\u00c4HRUNG<\/p>\n\n\n\n<p>B.A.I. Technologies SA gew\u00e4hrt Ihnen hiermit eine nicht-exklusive Lizenz zum Herunterladen, Ausf\u00fchren und Anzeigen (zur \"Nutzung\") der Apps im Rahmen des im Benutzerhandbuch (Info-Button auf den Apps) dargelegten Funktionsumfangs. B.A.I. Technologies SA gew\u00e4hrt Ihnen hiermit eine nicht-exklusive Lizenz zur Nutzung der Produkte im Rahmen des Funktionsumfangs, der in den vom Unternehmen ver\u00f6ffentlichten Informationen angegeben ist.<\/p>\n\n\n\n<p>KEINE GARANTIE<\/p>\n\n\n\n<p>Sie erkennen ausdr\u00fccklich an und stimmen zu, dass die Nutzung der Produkte und Apps auf Ihr eigenes Risiko erfolgt.<\/p>\n\n\n\n<p>Sie \u00fcbernehmen die Verantwortung f\u00fcr alle Aktivit\u00e4ten, die unter Verwendung der Produkte und Apps stattfinden, und akzeptieren alle Risiken einer falschen Bewertung, soweit dies nach geltendem Recht zul\u00e4ssig ist.<\/p>\n\n\n\n<p>B.A.I. Technologies SA lehnt hiermit alle ausdr\u00fccklichen, stillschweigenden oder gesetzlichen Garantien und Bedingungen in Bezug auf die Produkte und Apps und alle Dienstleistungen ab, einschlie\u00dflich, aber nicht beschr\u00e4nkt auf die stillschweigenden Garantien und\/oder Bedingungen der Marktg\u00e4ngigkeit, der zufriedenstellenden Qualit\u00e4t, der Genauigkeit und der Nichtverletzung der Rechte Dritter.<\/p>\n\n\n\n<p>Keine m\u00fcndlichen oder schriftlichen Informationen oder Ratschl\u00e4ge von B.A.I. Technologies SA oder ihrem autorisierten Vertreter begr\u00fcnden eine Garantie.<\/p>\n\n\n\n<p>HAFTUNGSBESCHR\u00c4NKUNG<\/p>\n\n\n\n<p>Soweit dies nicht gesetzlich verboten ist, haftet B.A.I. Technologies SA in keinem Fall f\u00fcr Sch\u00e4den, einschlie\u00dflich zuf\u00e4lliger, spezieller, indirekter oder Folgesch\u00e4den, sowie, ohne Einschr\u00e4nkung, f\u00fcr Sch\u00e4den aus entgangenem Gewinn, Datenverlust, Gesch\u00e4ftsunterbrechung oder anderen kommerziellen Sch\u00e4den oder Verlusten, die sich aus oder in Verbindung mit Ihrer Nutzung oder der Unf\u00e4higkeit zur Nutzung der Produkte und Apps ergeben, wie auch immer verursacht, unabh\u00e4ngig von der Haftungstheorie (Vertrag, unerlaubte Handlung oder anderweitig) und selbst wenn Sie auf die M\u00f6glichkeit solcher Sch\u00e4den hingewiesen wurden.<\/p>\n\n\n\n<p>GERICHTSBARKEIT, TERRITORIALE BESCHR\u00c4NKUNGEN UND TRENNBARKEIT<\/p>\n\n\n\n<p>Diese Vereinbarung und Ihre Nutzung der Produkte und Apps unterliegen dem Schweizer Recht unter Ausschluss der Bestimmungen des Kollisionsrechts und sind entsprechend auszulegen.<\/p>\n\n\n\n<p>RISIKO\u00dcBERNAHME, HAFTUNGSBESCHR\u00c4NKUNG UND SCHADENSERSATZ<\/p>\n\n\n\n<p>Sie akzeptieren und erkennen an, dass mit der Nutzung der Produkte und Apps Risiken verbunden sind, einschlie\u00dflich, aber nicht beschr\u00e4nkt auf das Risiko des Ausfalls von Hardware, Software oder Internetverbindungen, das Risiko der Einf\u00fchrung b\u00f6sartiger Software und das Risiko, dass Dritte unbefugten Zugriff auf die in den Produkten und Apps gespeicherten Informationen erhalten.<\/p>\n\n\n\n<p>Sie akzeptieren und erkennen an, dass B.A.I. Technologies SA nicht f\u00fcr Kommunikationsausf\u00e4lle, Unterbrechungen, Fehler, Verzerrungen oder Verz\u00f6gerungen verantwortlich ist, die Sie bei der Nutzung der Produkte und Apps erleben, wie auch immer diese verursacht werden.<\/p>\n\n\n\n<p>Sie erkl\u00e4ren sich damit einverstanden und erkennen an, dass B.A.I. Technologies SA keine medizinischen Dienstleistungen oder medizinischen Ratschl\u00e4ge anbietet und keine Art von Medikamenten vorschl\u00e4gt und dass die Produkte Augmented NAC Products und NAC Bracelet bisher nur In-vitro-Ergebnisse (im Labor) gezeigt haben, ohne Garantie f\u00fcr eine In-vivo-Funktion. Sie akzeptieren und erkennen an, dass nur Ihr Arzt den m\u00f6glichen Nutzen der Produkte bei der Behandlung Ihrer Gesundheit und Ihres Wohlbefindens beurteilen kann.<\/p>\n\n\n\n<p>INDEMNIT\u00c4T<\/p>\n\n\n\n<p>Sie erkl\u00e4ren sich damit einverstanden, B.A.I. Technologies SA, seine leitenden Angestellten, Direktoren, Aktion\u00e4re, Vorg\u00e4nger, Rechtsnachfolger, Mitarbeiter, Vertreter, Tochtergesellschaften und verbundenen Unternehmen von jeglichen Forderungen, Verlusten, Haftungen, Anspr\u00fcchen oder Ausgaben (einschlie\u00dflich Anwaltskosten) freizustellen, die von Dritten gegen\u00fcber B.A.I. Technologies SA geltend gemacht werden und die aus oder in Verbindung mit Ihrer Nutzung der Produkte und Apps entstehen.<\/p>\n\n\n\n<p>GEISTIGES EIGENTUM<\/p>\n\n\n\n<p>Alle Rechte an den Produkten und Apps sind Eigentum von B.A.I. Technologies SA und\/oder vollst\u00e4ndig an B.A.I. Technologies SA lizenziert und als solche durch nationale Urheberrechtsgesetze, internationale Vertr\u00e4ge und die geltenden Gesetze des Landes, in dem sie genutzt werden, gesch\u00fctzt. B.A.I. Technologies SA beh\u00e4lt sich alle Rechte vor, die nicht in den Bedingungen aufgef\u00fchrt sind.<\/p>\n\n\n\n<p>EXTERNE DIENSTLEISTUNGEN<\/p>\n\n\n\n<p>Die Produkte und Apps k\u00f6nnen den Zugang zu Diensten, Websites und Inhalten von B.A.I. Technologies SA und\/oder Dritten (zusammen und einzeln \"Externe Dienste\") erm\u00f6glichen. Sie erkl\u00e4ren sich damit einverstanden, die Externen Dienste auf Ihr eigenes Risiko zu nutzen. B.A.I. Technologies SA ist nicht verantwortlich f\u00fcr die Pr\u00fcfung oder Bewertung des Inhalts oder der Genauigkeit von externen Diensten Dritter und haftet nicht f\u00fcr solche externen Dienste Dritter. Die von den Produkten und Apps oder Externen Diensten angezeigten Daten, einschlie\u00dflich, aber nicht beschr\u00e4nkt auf Finanzinformationen, dienen nur allgemeinen Informationszwecken und werden von B.A.I. Technologies SA nicht garantiert.<\/p>\n\n\n\n<p>Sie werden die Externen Dienste nicht in einer Weise nutzen, die mit den Bedingungen unvereinbar ist oder die die geistigen Eigentumsrechte von B.A.I. Technologies SA oder Dritten verletzt.<\/p>\n\n\n\n<p>Soweit Sie sich f\u00fcr die Nutzung solcher externen Dienste entscheiden, sind Sie allein f\u00fcr die Einhaltung der geltenden Gesetze verantwortlich.<\/p>\n\n\n\n<p>B.A.I. Technologies SA beh\u00e4lt sich das Recht vor, externe Dienste jederzeit und ohne Vorank\u00fcndigung oder Haftung Ihnen gegen\u00fcber zu \u00e4ndern, auszusetzen, zu entfernen, zu deaktivieren oder Zugangsbeschr\u00e4nkungen oder -begrenzungen aufzuerlegen.<\/p>\n\n\n\n<p>RELATIONSHIP<\/p>\n\n\n\n<p>Die vorliegenden Bedingungen bezwecken und begr\u00fcnden keine Partnerschaft, kein Joint Venture, keine Agentur, keine Beratung und keine Treuh\u00e4nderschaft, da Sie und die Produkte und Apps im Verh\u00e4ltnis zueinander unabh\u00e4ngige Vertragspartner sind.<\/p>","protected":false},"excerpt":{"rendered":"<p>Last updated 28.12.2022 The products and apps (the \u201cProducts and Apps\u201d) of B.A.I. Technologies SA (the \u201cCompany\u201d) are owned and\/or distributed and operated by B.A.I. Technologies SA. All references to \u201cYou\u201d, \u201cYour\u201d or the \u201cUser\u201d mean the person or persons, using the Products and Apps. All references to the \u201cCompany\u201d, \u201cUs\u201d, \u201cOur\u201d or \u201cWe\u201d mean [&hellip;]<\/p>\n","protected":false},"author":2,"featured_media":0,"parent":0,"menu_order":0,"comment_status":"closed","ping_status":"closed","template":"","meta":{"site-sidebar-layout":"default","site-content-layout":"","ast-site-content-layout":"default","site-content-style":"default","site-sidebar-style":"default","ast-global-header-display":"","ast-banner-title-visibility":"","ast-main-header-display":"","ast-hfb-above-header-display":"","ast-hfb-below-header-display":"","ast-hfb-mobile-header-display":"","site-post-title":"","ast-breadcrumbs-content":"","ast-featured-img":"","footer-sml-layout":"","ast-disable-related-posts":"","theme-transparent-header-meta":"","adv-header-id-meta":"","stick-header-meta":"","header-above-stick-meta":"","header-main-stick-meta":"","header-below-stick-meta":"","astra-migrate-meta-layouts":"default","ast-page-background-enabled":"default","ast-page-background-meta":{"desktop":{"background-color":"var(--ast-global-color-4)","background-image":"","background-repeat":"repeat","background-position":"center center","background-size":"auto","background-attachment":"scroll","background-type":"","background-media":"","overlay-type":"","overlay-color":"","overlay-opacity":"","overlay-gradient":""},"tablet":{"background-color":"","background-image":"","background-repeat":"repeat","background-position":"center center","background-size":"auto","background-attachment":"scroll","background-type":"","background-media":"","overlay-type":"","overlay-color":"","overlay-opacity":"","overlay-gradient":""},"mobile":{"background-color":"","background-image":"","background-repeat":"repeat","background-position":"center center","background-size":"auto","background-attachment":"scroll","background-type":"","background-media":"","overlay-type":"","overlay-color":"","overlay-opacity":"","overlay-gradient":""}},"ast-content-background-meta":{"desktop":{"background-color":"var(--ast-global-color-5)","background-image":"","background-repeat":"repeat","background-position":"center center","background-size":"auto","background-attachment":"scroll","background-type":"","background-media":"","overlay-type":"","overlay-color":"","overlay-opacity":"","overlay-gradient":""},"tablet":{"background-color":"var(--ast-global-color-5)","background-image":"","background-repeat":"repeat","background-position":"center center","background-size":"auto","background-attachment":"scroll","background-type":"","background-media":"","overlay-type":"","overlay-color":"","overlay-opacity":"","overlay-gradient":""},"mobile":{"background-color":"var(--ast-global-color-5)","background-image":"","background-repeat":"repeat","background-position":"center center","background-size":"auto","background-attachment":"scroll","background-type":"","background-media":"","overlay-type":"","overlay-color":"","overlay-opacity":"","overlay-gradient":""}},"iawp_total_views":184,"footnotes":""},"class_list":["post-486","page","type-page","status-publish","hentry"],"_links":{"self":[{"href":"https:\/\/store.augmentednac.com\/de\/wp-json\/wp\/v2\/pages\/486","targetHints":{"allow":["GET"]}}],"collection":[{"href":"https:\/\/store.augmentednac.com\/de\/wp-json\/wp\/v2\/pages"}],"about":[{"href":"https:\/\/store.augmentednac.com\/de\/wp-json\/wp\/v2\/types\/page"}],"author":[{"embeddable":true,"href":"https:\/\/store.augmentednac.com\/de\/wp-json\/wp\/v2\/users\/2"}],"replies":[{"embeddable":true,"href":"https:\/\/store.augmentednac.com\/de\/wp-json\/wp\/v2\/comments?post=486"}],"version-history":[{"count":5,"href":"https:\/\/store.augmentednac.com\/de\/wp-json\/wp\/v2\/pages\/486\/revisions"}],"predecessor-version":[{"id":2327,"href":"https:\/\/store.augmentednac.com\/de\/wp-json\/wp\/v2\/pages\/486\/revisions\/2327"}],"wp:attachment":[{"href":"https:\/\/store.augmentednac.com\/de\/wp-json\/wp\/v2\/media?parent=486"}],"curies":[{"name":"wp","href":"https:\/\/api.w.org\/{rel}","templated":true}]}}