{"id":44803,"date":"2026-04-21T12:42:35","date_gmt":"2026-04-21T10:42:35","guid":{"rendered":"https:\/\/store.augmentednac.com\/?post_type=product&#038;p=44803"},"modified":"2026-04-23T13:03:07","modified_gmt":"2026-04-23T11:03:07","slug":"intensive-detox-package-3-months-two-ust-10-discount","status":"publish","type":"product","link":"https:\/\/store.augmentednac.com\/de\/product\/intensive-detox-package-3-months-two-ust-10-discount\/","title":{"rendered":"Intensive Detox-Paket 3 Monate + zwei UST 10% Rabatt"},"content":{"rendered":"<p><strong><u>Urinspitzensuche (UST) Wesentliche Schritte zum Ausf\u00fcllen:<\/u><\/strong><\/p>\n<ol>\n<li>Besuchen Sie die <a href=\"https:\/\/zerospike.org\/registration-ust\/\">UST-Seite<\/a> und f\u00fcllen Sie das Anmeldeformular aus.<\/li>\n<li>Sie erhalten Anweisungen und das Kit. Sie erhalten eine E-Mail-Best\u00e4tigung von Quality Forensic Toxicology, LLC mit einfach zu befolgenden Anweisungen. Ihr Urinsammelkit wird Ihnen per Post zugeschickt.<\/li>\n<li>Senden Sie Ihre Urinprobe ein. Sobald Ihre Probe von Quality Forensic Toxicology LLC analysiert worden ist, erhalten Sie eine E-Mail-Benachrichtigung mit Ihren <em>Urinanalyse mit Kreatinin<\/em> Bericht.<\/li>\n<li>Nach Erhalt Ihrer <em>Urinanalyse mit Kreatinin<\/em> Bericht von Quality Forensic Toxicology LLC erhalten haben, benachrichtigen Sie bitte Dr. Jerod und \u00fcbermitteln Sie ihm Ihre <strong>Labor-Nr. # \/ Patienten-ID<\/strong> (steht auf Ihrem Laborbericht).<\/li>\n<li>Dr. Jerod wird anschlie\u00dfend einen Beratungstermin mit Ihnen vereinbaren, bei dem er mit der angegebenen Patienten-ID Zugang zu Ihren <strong>UST-Bericht<\/strong> \u00fcber das Portal und besprechen die Ergebnisse mit Ihnen.<\/li>\n<li>Sprechen Sie mit Dr. Jerod, um den richtigen Zeitpunkt f\u00fcr Ihre <strong>zweite und dritte UST<\/strong>, Es wird empfohlen, einen angemessenen Abstand zwischen den Bewertungen einzuhalten, um Ver\u00e4nderungen im Laufe der Zeit besser beobachten zu k\u00f6nnen.<\/li>\n<\/ol>\n<p><strong>Das ist wichtig:<\/strong> UST ist ein Hilfsmittel <strong>Forschungs- und \u00dcberwachungsinstrument<\/strong>, ist kein eigenst\u00e4ndiger Diagnosetest und keine Entscheidungshilfe f\u00fcr die Behandlung. Alle Daten werden ausschlie\u00dflich f\u00fcr Forschungszwecke verwendet.<\/p>\n<p>Um den gr\u00f6\u00dftm\u00f6glichen Nutzen aus der UST zu ziehen, wird empfohlen, sie mehrmals \u00fcber einen l\u00e4ngeren Zeitraum durchzuf\u00fchren, um Ver\u00e4nderungen im Laufe der Zeit effektiv zu \u00fcberwachen.<\/p>\n<p><strong>Zus\u00e4tzliche Ressourcen<\/strong><\/p>\n<p>Weitere Informationen zu UST finden Sie in den ausf\u00fchrlichen PDF-Folien, die Sie \u00fcber den bereitgestellten Link <a href=\"https:\/\/zerospike.org\/wp-content\/uploads\/2026\/04\/Zerospike_Presentation_UST_for_patients-1.pdf\"><em>Link<\/em><\/a><\/p>\n<p>\ud83d\udc49 F\u00fcr weitere Informationen \u00fcber Augmented NAC besuchen Sie bitte <a href=\"https:\/\/augmentednac.com\/en\">AugmentedNAC.com<\/a><\/p>\n<p>\ud83d\udc49 Weitere Informationen \u00fcber das ZeroSpike-Projekt finden Sie unter <a href=\"https:\/\/zerospike.org\/en\/\">ZeroSpike.org<\/a><\/p>\n<p><strong>Informationen zur Auftragsabwicklung <\/strong>Ihre Bestellung von Augmented NAC wird zusammen mit dem Urinsammelkit von Quality Forensic Toxicology LLC ausgef\u00fchrt und versandt.<\/p>\n<p>&nbsp;<\/p>","protected":false},"excerpt":{"rendered":"<p><strong>Was im Paket enthalten ist: 3x Augmented NAC Flaschen + 2x (UST)<\/strong><\/p>\n<p><strong>Erweitertes NAC<\/strong> wurde mit Hilfe einer bahnbrechenden, auf Quantenphysik basierenden Technologie entwickelt, um die Wirksamkeit von N-Acetylcistein (NAC) zu erh\u00f6hen, insbesondere bei der Entgiftung von Covid und Impfstoffen. <strong>Eiwei\u00df<\/strong><strong>s<\/strong><strong>.\u00a0<\/strong><\/p>\n<p>Heute sind \u00fcber <strong>1.000 Angeh\u00f6rige der Gesundheitsberufe<\/strong> im <a href=\"https:\/\/zerospike.org\/en\/\" target=\"_blank\" rel=\"noopener\">ZeroSpike<\/a> Health Network haben Augmented NAC erfolgreich in ihre Behandlungen f\u00fcr <strong>Covid<\/strong> <strong>'Impfstoff' <\/strong><strong>Verletzungen, <\/strong><strong>langes Covid <\/strong><strong>und Spike\u00a0<\/strong><strong><em>Ablegen<\/em><\/strong><strong>-bezogene Symptome<\/strong>. \u00dcber <strong>100.000 Familien<\/strong> weltweit nutzen Augmented NAC t\u00e4glich, um ihr Wohlbefinden zu verbessern.<br \/>\nF\u00fcr weitere Informationen, <a href=\"https:\/\/augmentednac.com\/en\/science\">siehe die Details<\/a>; Zeugnisse sind verf\u00fcgbar. <a href=\"https:\/\/augmentednac.com\/en\/augmented-NAC-testimonials\">hier<\/a>; Vermerke sind verf\u00fcgbar <a href=\"https:\/\/rete.nacaumentata.it\/en\/media\/\">hier<\/a>.<\/p>\n<p><strong>Urinspitzensuche (UST)<\/strong> - Ein erg\u00e4nzendes Forschungs- und \u00dcberwachungsinstrument, das vom ZeroSpike Scientific Research Project entwickelt wurde, um die Verfolgung von Spike-Proteinfragmenten im K\u00f6rper und die \u00dcberwachung von Entgiftungsprozessen in Verbindung mit Augmented NAC zu unterst\u00fctzen.<\/p>","protected":false},"featured_media":44980,"template":"","meta":{"site-sidebar-layout":"default","site-content-layout":"default","ast-site-content-layout":"default","site-content-style":"default","site-sidebar-style":"default","ast-global-header-display":"","ast-banner-title-visibility":"","ast-main-header-display":"","ast-hfb-above-header-display":"","ast-hfb-below-header-display":"","ast-hfb-mobile-header-display":"","site-post-title":"","ast-breadcrumbs-content":"","ast-featured-img":"","footer-sml-layout":"","ast-disable-related-posts":"","theme-transparent-header-meta":"default","adv-header-id-meta":"","stick-header-meta":"","header-above-stick-meta":"","header-main-stick-meta":"","header-below-stick-meta":"","astra-migrate-meta-layouts":"set","ast-page-background-enabled":"default","ast-page-background-meta":{"desktop":{"background-color":"var(--ast-global-color-4)","background-image":"","background-repeat":"repeat","background-position":"center center","background-size":"auto","background-attachment":"scroll","background-type":"","background-media":"","overlay-type":"","overlay-color":"","overlay-opacity":"","overlay-gradient":""},"tablet":{"background-color":"","background-image":"","background-repeat":"repeat","background-position":"center center","background-size":"auto","background-attachment":"scroll","background-type":"","background-media":"","overlay-type":"","overlay-color":"","overlay-opacity":"","overlay-gradient":""},"mobile":{"background-color":"","background-image":"","background-repeat":"repeat","background-position":"center center","background-size":"auto","background-attachment":"scroll","background-type":"","background-media":"","overlay-type":"","overlay-color":"","overlay-opacity":"","overlay-gradient":""}},"ast-content-background-meta":{"desktop":{"background-color":"var(--ast-global-color-5)","background-image":"","background-repeat":"repeat","background-position":"center center","background-size":"auto","background-attachment":"scroll","background-type":"","background-media":"","overlay-type":"","overlay-color":"","overlay-opacity":"","overlay-gradient":""},"tablet":{"background-color":"var(--ast-global-color-5)","background-image":"","background-repeat":"repeat","background-position":"center center","background-size":"auto","background-attachment":"scroll","background-type":"","background-media":"","overlay-type":"","overlay-color":"","overlay-opacity":"","overlay-gradient":""},"mobile":{"background-color":"var(--ast-global-color-5)","background-image":"","background-repeat":"repeat","background-position":"center center","background-size":"auto","background-attachment":"scroll","background-type":"","background-media":"","overlay-type":"","overlay-color":"","overlay-opacity":"","overlay-gradient":""}},"iawp_total_views":22},"product_brand":[],"product_cat":[15],"product_tag":[],"class_list":{"0":"post-44803","1":"product","2":"type-product","3":"status-publish","4":"has-post-thumbnail","6":"product_cat-all","7":"desktop-align-left","8":"tablet-align-left","9":"mobile-align-left","11":"first","12":"instock","13":"shipping-taxable","14":"purchasable","15":"product-type-bundle"},"bundled_by":[],"bundle_stock_status":"instock","bundle_stock_quantity":"","bundle_virtual":false,"bundle_layout":"default","bundle_add_to_cart_form_location":"default","bundle_editable_in_cart":false,"bundle_sold_individually_context":"product","bundle_item_grouping":"parent","bundle_min_size":"","bundle_max_size":"","bundle_price":{"price":{"min":{"incl_tax":"400","excl_tax":"400"},"max":{"incl_tax":"400","excl_tax":"400"}},"regular_price":{"min":{"incl_tax":"400","excl_tax":"400"},"max":{"incl_tax":"400","excl_tax":"400"}}},"bundled_items":[{"bundled_item_id":4,"product_id":1051,"menu_order":0,"quantity_min":3,"quantity_max":3,"quantity_default":3,"priced_individually":false,"shipped_individually":false,"override_title":false,"title":"Augmented NAC 90 Kapseln","override_description":false,"description":"","optional":false,"hide_thumbnail":false,"discount":"","override_variations":false,"allowed_variations":[],"override_default_variation_attributes":false,"default_variation_attributes":[],"single_product_visibility":"visible","cart_visibility":"visible","order_visibility":"visible","single_product_price_visibility":"visible","cart_price_visibility":"visible","order_price_visibility":"visible","stock_status":"in_stock"}],"bundle_sell_ids":[],"_links":{"self":[{"href":"https:\/\/store.augmentednac.com\/de\/wp-json\/wp\/v2\/product\/44803","targetHints":{"allow":["GET"]}}],"collection":[{"href":"https:\/\/store.augmentednac.com\/de\/wp-json\/wp\/v2\/product"}],"about":[{"href":"https:\/\/store.augmentednac.com\/de\/wp-json\/wp\/v2\/types\/product"}],"version-history":[{"count":9,"href":"https:\/\/store.augmentednac.com\/de\/wp-json\/wp\/v2\/product\/44803\/revisions"}],"predecessor-version":[{"id":44985,"href":"https:\/\/store.augmentednac.com\/de\/wp-json\/wp\/v2\/product\/44803\/revisions\/44985"}],"wp:featuredmedia":[{"embeddable":true,"href":"https:\/\/store.augmentednac.com\/de\/wp-json\/wp\/v2\/media\/44980"}],"wp:attachment":[{"href":"https:\/\/store.augmentednac.com\/de\/wp-json\/wp\/v2\/media?parent=44803"}],"wp:term":[{"taxonomy":"product_brand","embeddable":true,"href":"https:\/\/store.augmentednac.com\/de\/wp-json\/wp\/v2\/product_brand?post=44803"},{"taxonomy":"product_cat","embeddable":true,"href":"https:\/\/store.augmentednac.com\/de\/wp-json\/wp\/v2\/product_cat?post=44803"},{"taxonomy":"product_tag","embeddable":true,"href":"https:\/\/store.augmentednac.com\/de\/wp-json\/wp\/v2\/product_tag?post=44803"}],"curies":[{"name":"wp","href":"https:\/\/api.w.org\/{rel}","templated":true}]}}