{"id":486,"date":"2022-02-23T15:55:08","date_gmt":"2022-02-23T15:55:08","guid":{"rendered":"https:\/\/store.bai-tech.io\/privacy-policy-copy\/"},"modified":"2023-04-07T11:07:59","modified_gmt":"2023-04-07T09:07:59","slug":"terms-and-conditions","status":"publish","type":"page","link":"https:\/\/store.augmentednac.com\/it\/terms-and-conditions\/","title":{"rendered":"TERMINI E CONDIZIONI"},"content":{"rendered":"<p><em>Ultimo aggiornamento 28.12.2022<\/em><\/p>\n\n\n\n<p>I prodotti e le app (i \u201cProdotti e App\u201d) di B.A.I. Technologies SA (la \"Societ\u00e0\") sono di propriet\u00e0 e\/o distribuite e gestite da B.A.I. Tecnologie SA.<\/p>\n\n\n\n<p>Tutti i riferimenti a \"Tu\", \"Tuo\" o \"Utente\" indicano la persona o le persone che utilizzano i Prodotti e le App.<\/p>\n\n\n\n<p>Tutti i riferimenti alla \"Societ\u00e0\", \"Noi\", \"Nostro\" o \"Noi\" significano B.A.I. Technologies SA, societ\u00e0 di diritto della Confederazione Svizzera con sede legale in 6900 Lugano (CH), Via S. Balestra 27, P.IVA CHE-168.143.050 (di seguito: \u201cB.A.I. Technologies SA\u201d).<\/p>\n\n\n\n<p>L'accesso e l'utilizzo dei Prodotti e dell'App \u00e8 condizionato dall'accettazione e dal rispetto dei presenti Termini e Condizioni (\"Termini\") che fungono da accordo legale tra l'Utente e B.A.I. Tecnologie SA.<\/p>\n\n\n\n<p>I presenti Termini si applicano a tutti i visitatori, utenti o altri che accedono o utilizzano i Prodotti e le App.<\/p>\n\n\n\n<p>ACCEDENDO O UTILIZZANDO I PRODOTTI E LE APP ACCETTI DI ESSERE VINCOLATO DAI PRESENTI TERMINI, DALLA NOSTRA POLITICA SULLA PRIVACY E DALLA NOSTRA POLITICA SUI COOKIE. SE NON \u00c8 D'ACCORDO CON QUALUNQUE O PARTE DEI TERMINI E\/O PARTE DELLE NOSTRE POLITICHE SULLA PRIVACY E SUI COOKIE, SI PREGA DI NON SCARICARE O UTILIZZARE L'APP.<\/p>\n\n\n\n<p>B.A.I. Technologies SA si riserva il diritto, a sua esclusiva discrezione, di cambiare, modificare, aggiungere o rimuovere parti dei Termini, in qualsiasi momento. \u00c8 tua responsabilit\u00e0 controllare periodicamente i presenti Termini per eventuali modifiche. L'uso continuato dei Prodotti e delle App dopo la pubblicazione delle modifiche significher\u00e0 che accetti e accetti le modifiche.<\/p>\n\n\n\n<p>REQUISITI DI IDONEIT\u00c0<\/p>\n\n\n\n<p>Accetti e riconosci di: (a) essere maggiorenne per accettare i presenti Termini e (b) non essere stato precedentemente sospeso o rimosso dall'utilizzo dei Prodotti e delle App.<\/p>\n\n\n\n<p>Se utilizzi i Prodotti e le App per conto di una persona giuridica, dichiari e garantisci inoltre che: (i) la persona giuridica \u00e8 debitamente organizzata e validamente esistente ai sensi delle leggi applicabili della giurisdizione della sua organizzazione e (ii) sei debitamente autorizzato da tale persona giuridica ad agire per suo conto.<\/p>\n\n\n\n<p>I Prodotti e le App sono destinati all'uso da parte di maggiorenni nella giurisdizione in cui risiedono. Se riceviamo un avviso o riteniamo ragionevolmente che qualcuno di et\u00e0 inferiore a quella legale ci abbia fornito informazioni personali, elimineremo tempestivamente l'account e tutte le informazioni personali che ci sono state fornite.<\/p>\n\n\n\n<p>RISOLUZIONE<\/p>\n\n\n\n<p>Il presente accordo \u00e8 efficace fino alla risoluzione da parte dell'utente o di B.A.I. Tecnologie SA.<\/p>\n\n\n\n<p>B.A.I. Technologies SA pu\u00f2 interrompere o sospendere l'accesso ai Prodotti e alle App immediatamente senza preavviso o responsabilit\u00e0, per qualsiasi motivo, incluso senza limitazioni in caso di violazione dei Termini.<\/p>\n\n\n\n<p>B.A.I. Technologies SA concede all'Utente una licenza non esclusiva per scaricare, eseguire e visualizzare (per \"Utilizzare\") le App nell'ambito delle funzionalit\u00e0 stabilite nel manuale dell'Utente (pulsante Info sulle App). B.A.I. Technologies SA concede all'Utente una licenza non esclusiva per l'utilizzo dei Prodotti nell'ambito delle funzionalit\u00e0 stabilite nelle informazioni pubblicate dalla Societ\u00e0.<\/p>\n\n\n\n<p>CONCESSIONE DELLA LICENZA<\/p>\n\n\n\n<p>B.A.I. Technologies SA concede all'Utente una licenza non esclusiva per scaricare, eseguire e visualizzare (per \"Utilizzare\") le App nell'ambito delle funzionalit\u00e0 stabilite nel manuale dell'utente (pulsante Info sulle App). B.A.I. Technologies SA concede all'Utente una licenza non esclusiva per l'utilizzo dei Prodotti nell'ambito delle funzionalit\u00e0 stabilite nelle informazioni pubblicate dalla Societ\u00e0.<\/p>\n\n\n\n<p>NESSUNA GARANZIA<\/p>\n\n\n\n<p>Riconosci e accetti espressamente che l'utilizzo dei Prodotti e delle App \u00e8 a Tuo esclusivo rischio.<\/p>\n\n\n\n<p>Ti assumi la responsabilit\u00e0 di tutte le attivit\u00e0 che si verificano utilizzando i Prodotti e le App e accetti tutti i rischi di qualsiasi valutazione errata nella misura massima consentita dalla legge applicabile.<\/p>\n\n\n\n<p>Nella misura massima consentita dalla legge applicabile, i Prodotti e le App e tutti i servizi eseguiti o forniti dai Prodotti e dalle App sono forniti \"cos\u00ec come sono\" e \"come disponibili\", con tutti i difetti e senza garanzie di alcun tipo, e B.A.I. Technologies SA con la presente declina ogni garanzia e condizione in relazione ai Prodotti e alle App e a qualsiasi servizio, sia espresso, implicito o legale, comprese, ma non limitate a, le garanzie implicite e\/o le condizioni di commerciabilit\u00e0, di qualit\u00e0 soddisfacente, di accuratezza , e di non violazione di diritti di terzi.<\/p>\n\n\n\n<p>Nessuna informazione o consiglio orale o scritto fornito da B.A.I. Technologies SA o un suo rappresentante autorizzato creer\u00e0 una garanzia.<\/p>\n\n\n\n<p>LIMITAZIONE DI RESPONSABILIT\u00c0<\/p>\n\n\n\n<p>Nella misura non vietata dalla legge, in nessun caso B.A.I. Technologies SA sar\u00e0 responsabile per eventuali danni, inclusi danni incidentali, indiretti speciali o consequenziali di qualsiasi tipo, nonch\u00e9, senza limitazione, danni per mancato guadagno, perdita di dati, interruzione dell'attivit\u00e0 o qualsiasi altro danno o perdita commerciale, derivante da o relativi all'Utilizzo o all'impossibilit\u00e0 di utilizzare i Prodotti e le App, comunque causati, indipendentemente dalla teoria della responsabilit\u00e0 (contratto, illecito o altro) e anche se sei stato informato della possibilit\u00e0 di tali danni.<\/p>\n\n\n\n<p>GIURISDIZIONE, LIMITAZIONI TERRITORIALI E SEPARABILIT\u00c0<\/p>\n\n\n\n<p>Il presente contratto e l'utilizzo dei prodotti e delle app da parte dell'utente sono disciplinati e interpretati in conformit\u00e0 con la legge Svizzera, escluse le disposizioni sui conflitti di legge.<\/p>\n\n\n\n<p>ASSUNZIONE DEL RISCHIO, LIMITAZIONI DI RESPONSABILIT\u00c0 E INDENNIT\u00c0<\/p>\n\n\n\n<p>Accetti e riconosci che esistono rischi associati all'Utilizzo dei Prodotti e delle App, inclusi, a titolo esemplificativo ma non esaustivo, il rischio di guasto di hardware, software o connessioni Internet, il rischio di introduzione di software dannoso e il rischio che terze parti potrebbero ottenere accesso non autorizzato alle informazioni archiviate all'interno dei Prodotti e delle App.<\/p>\n\n\n\n<p>Accetti e riconosci che B.A.I. Technologies SA non sar\u00e0 responsabile per eventuali errori di comunicazione, interruzioni, errori, distorsioni o ritardi che potresti riscontrare durante l'utilizzo dei Prodotti e delle App, comunque causati.<\/p>\n\n\n\n<p>Accetti e riconosci che B.A.I. Technologies SA non offre alcun servizio medico, n\u00e8 consulenza medica e non propone alcun tipo di farmaco e che i Prodotti NAC Aumentata e Braccialetto NAC hanno ad oggi dimostrato solo risultati in-vitro (di laboratorio), senza alcuna garanzia di funzionamento in-vivo. Accetti e riconosci che solo il Tuo medico di fiducia pu\u00f2 valutare l'eventuale utilit\u00e0 dei Prodotti nel trattamento per benessere e salute.<\/p>\n\n\n\n<p>INDENNIT\u00c0<\/p>\n\n\n\n<p>Accetti di indennizzare e trattenere B.A.I. Technologies SA, i suoi funzionari, direttori, azionisti, predecessori, successori di interessi, dipendenti, agenti, sussidiarie e affiliate manlevano da qualsiasi richiesta, perdita, responsabilit\u00e0, reclamo o spesa (comprese le spese legali) avanzata contro B.A.I. Technologies SA da parte di terzi a causa o derivanti da o in connessione con l'utilizzo dei prodotti e delle app da parte dell'utente.<\/p>\n\n\n\n<p>PROPRIET\u00c0 INTELLETTUALE<\/p>\n\n\n\n<p>Tutti i diritti relativi ai Prodotti e alle App sono di propriet\u00e0 e\/o concessi in licenza a B.A.I. Technologies SA \u00e8 protetta in quanto tale dalle leggi nazionali sul diritto d'autore, dalle disposizioni dei trattati internazionali e dalle leggi applicabili del paese in cui viene utilizzata. B.A.I. Technologies SA manterr\u00e0 tutti i diritti non specificati nei Termini.<\/p>\n\n\n\n<p>SERVIZI ESTERNI<\/p>\n\n\n\n<p>I Prodotti e le App possono consentire l'accesso a B.A.I. Servizi, siti Web e contenuti di Technologies SA e\/o di terzi (collettivamente e individualmente \"Servizi esterni\"). Accetti di utilizzare i servizi esterni a tuo esclusivo rischio. B.A.I. Technologies SA non \u00e8 responsabile dell'esame o della valutazione del contenuto o dell'accuratezza dei Servizi esterni di terze parti e non sar\u00e0 responsabile per tali Servizi esterni di terze parti. I dati visualizzati dai Prodotti e dalle App o dai Servizi esterni, incluse ma non limitate alle informazioni finanziarie, sono solo a scopo informativo generale e non sono garantiti da B.A.I. Tecnologie SA.<\/p>\n\n\n\n<p>Non utilizzerai i Servizi esterni in alcun modo che sia incompatibile con i Termini o che violi i diritti di propriet\u00e0 intellettuale di B.A.I. Technologies SA o di terze parti.<\/p>\n\n\n\n<p>Nella misura in cui scegli di utilizzare tali Servizi esterni, sei l'unico responsabile del rispetto delle leggi applicabili.<\/p>\n\n\n\n<p>B.A.I. Technologies SA si riserva il diritto di modificare, sospendere, rimuovere, disabilitare o imporre restrizioni o limiti di accesso a qualsiasi Servizio esterno in qualsiasi momento senza preavviso o responsabilit\u00e0 nei tuoi confronti.<\/p>\n\n\n\n<p>RELAZIONE<\/p>\n\n\n\n<p>Nulla in questi Termini \u00e8 inteso n\u00e9 deve creare alcuna partnership, joint venture, agenzia, consulenza o amministrazione fiduciaria, poich\u00e9 l'Utente e i Prodotti e le App sono l'uno rispetto all'altro contraenti indipendenti.<\/p>","protected":false},"excerpt":{"rendered":"<p>Last updated 28.12.2022 The products and apps (the \u201cProducts and Apps\u201d) of B.A.I. Technologies SA (the \u201cCompany\u201d) are owned and\/or distributed and operated by B.A.I. Technologies SA. All references to \u201cYou\u201d, \u201cYour\u201d or the \u201cUser\u201d mean the person or persons, using the Products and Apps. All references to the \u201cCompany\u201d, \u201cUs\u201d, \u201cOur\u201d or \u201cWe\u201d mean [&hellip;]<\/p>\n","protected":false},"author":2,"featured_media":0,"parent":0,"menu_order":0,"comment_status":"closed","ping_status":"closed","template":"","meta":{"site-sidebar-layout":"default","site-content-layout":"","ast-site-content-layout":"default","site-content-style":"default","site-sidebar-style":"default","ast-global-header-display":"","ast-banner-title-visibility":"","ast-main-header-display":"","ast-hfb-above-header-display":"","ast-hfb-below-header-display":"","ast-hfb-mobile-header-display":"","site-post-title":"","ast-breadcrumbs-content":"","ast-featured-img":"","footer-sml-layout":"","ast-disable-related-posts":"","theme-transparent-header-meta":"","adv-header-id-meta":"","stick-header-meta":"","header-above-stick-meta":"","header-main-stick-meta":"","header-below-stick-meta":"","astra-migrate-meta-layouts":"default","ast-page-background-enabled":"default","ast-page-background-meta":{"desktop":{"background-color":"var(--ast-global-color-4)","background-image":"","background-repeat":"repeat","background-position":"center center","background-size":"auto","background-attachment":"scroll","background-type":"","background-media":"","overlay-type":"","overlay-color":"","overlay-opacity":"","overlay-gradient":""},"tablet":{"background-color":"","background-image":"","background-repeat":"repeat","background-position":"center center","background-size":"auto","background-attachment":"scroll","background-type":"","background-media":"","overlay-type":"","overlay-color":"","overlay-opacity":"","overlay-gradient":""},"mobile":{"background-color":"","background-image":"","background-repeat":"repeat","background-position":"center center","background-size":"auto","background-attachment":"scroll","background-type":"","background-media":"","overlay-type":"","overlay-color":"","overlay-opacity":"","overlay-gradient":""}},"ast-content-background-meta":{"desktop":{"background-color":"var(--ast-global-color-5)","background-image":"","background-repeat":"repeat","background-position":"center center","background-size":"auto","background-attachment":"scroll","background-type":"","background-media":"","overlay-type":"","overlay-color":"","overlay-opacity":"","overlay-gradient":""},"tablet":{"background-color":"var(--ast-global-color-5)","background-image":"","background-repeat":"repeat","background-position":"center center","background-size":"auto","background-attachment":"scroll","background-type":"","background-media":"","overlay-type":"","overlay-color":"","overlay-opacity":"","overlay-gradient":""},"mobile":{"background-color":"var(--ast-global-color-5)","background-image":"","background-repeat":"repeat","background-position":"center center","background-size":"auto","background-attachment":"scroll","background-type":"","background-media":"","overlay-type":"","overlay-color":"","overlay-opacity":"","overlay-gradient":""}},"iawp_total_views":184,"footnotes":""},"class_list":["post-486","page","type-page","status-publish","hentry"],"_links":{"self":[{"href":"https:\/\/store.augmentednac.com\/it\/wp-json\/wp\/v2\/pages\/486","targetHints":{"allow":["GET"]}}],"collection":[{"href":"https:\/\/store.augmentednac.com\/it\/wp-json\/wp\/v2\/pages"}],"about":[{"href":"https:\/\/store.augmentednac.com\/it\/wp-json\/wp\/v2\/types\/page"}],"author":[{"embeddable":true,"href":"https:\/\/store.augmentednac.com\/it\/wp-json\/wp\/v2\/users\/2"}],"replies":[{"embeddable":true,"href":"https:\/\/store.augmentednac.com\/it\/wp-json\/wp\/v2\/comments?post=486"}],"version-history":[{"count":5,"href":"https:\/\/store.augmentednac.com\/it\/wp-json\/wp\/v2\/pages\/486\/revisions"}],"predecessor-version":[{"id":2327,"href":"https:\/\/store.augmentednac.com\/it\/wp-json\/wp\/v2\/pages\/486\/revisions\/2327"}],"wp:attachment":[{"href":"https:\/\/store.augmentednac.com\/it\/wp-json\/wp\/v2\/media?parent=486"}],"curies":[{"name":"wp","href":"https:\/\/api.w.org\/{rel}","templated":true}]}}